{"id":5525,"date":"2025-11-17T16:34:02","date_gmt":"2025-11-18T02:04:02","guid":{"rendered":"https:\/\/jundro.io\/?page_id=5525"},"modified":"2025-11-17T17:02:26","modified_gmt":"2025-11-18T02:32:26","slug":"custom-aln-parts-supplier","status":"publish","type":"page","link":"https:\/\/jundro.io\/es\/proveedor-de-piezas-de-aln-a-medida\/","title":{"rendered":"Proveedor de piezas de AlN personalizadas"},"content":{"rendered":"<div data-elementor-type=\"wp-page\" data-elementor-id=\"5525\" class=\"elementor elementor-5525\" data-elementor-settings=\"{&quot;element_pack_global_tooltip_width&quot;:{&quot;unit&quot;:&quot;px&quot;,&quot;size&quot;:&quot;&quot;,&quot;sizes&quot;:[]},&quot;element_pack_global_tooltip_width_tablet&quot;:{&quot;unit&quot;:&quot;px&quot;,&quot;size&quot;:&quot;&quot;,&quot;sizes&quot;:[]},&quot;element_pack_global_tooltip_width_mobile&quot;:{&quot;unit&quot;:&quot;px&quot;,&quot;size&quot;:&quot;&quot;,&quot;sizes&quot;:[]},&quot;element_pack_global_tooltip_padding&quot;:{&quot;unit&quot;:&quot;px&quot;,&quot;top&quot;:&quot;&quot;,&quot;right&quot;:&quot;&quot;,&quot;bottom&quot;:&quot;&quot;,&quot;left&quot;:&quot;&quot;,&quot;isLinked&quot;:true},&quot;element_pack_global_tooltip_padding_tablet&quot;:{&quot;unit&quot;:&quot;px&quot;,&quot;top&quot;:&quot;&quot;,&quot;right&quot;:&quot;&quot;,&quot;bottom&quot;:&quot;&quot;,&quot;left&quot;:&quot;&quot;,&quot;isLinked&quot;:true},&quot;element_pack_global_tooltip_padding_mobile&quot;:{&quot;unit&quot;:&quot;px&quot;,&quot;top&quot;:&quot;&quot;,&quot;right&quot;:&quot;&quot;,&quot;bottom&quot;:&quot;&quot;,&quot;left&quot;:&quot;&quot;,&quot;isLinked&quot;:true},&quot;element_pack_global_tooltip_border_radius&quot;:{&quot;unit&quot;:&quot;px&quot;,&quot;top&quot;:&quot;&quot;,&quot;right&quot;:&quot;&quot;,&quot;bottom&quot;:&quot;&quot;,&quot;left&quot;:&quot;&quot;,&quot;isLinked&quot;:true},&quot;element_pack_global_tooltip_border_radius_tablet&quot;:{&quot;unit&quot;:&quot;px&quot;,&quot;top&quot;:&quot;&quot;,&quot;right&quot;:&quot;&quot;,&quot;bottom&quot;:&quot;&quot;,&quot;left&quot;:&quot;&quot;,&quot;isLinked&quot;:true},&quot;element_pack_global_tooltip_border_radius_mobile&quot;:{&quot;unit&quot;:&quot;px&quot;,&quot;top&quot;:&quot;&quot;,&quot;right&quot;:&quot;&quot;,&quot;bottom&quot;:&quot;&quot;,&quot;left&quot;:&quot;&quot;,&quot;isLinked&quot;:true}}\" data-elementor-post-type=\"page\">\n\t\t\t\t<div class=\"elementor-element elementor-element-bb19436 e-flex e-con-boxed e-con e-parent\" data-id=\"bb19436\" data-element_type=\"container\" data-e-type=\"container\" data-settings=\"{&quot;background_background&quot;:&quot;classic&quot;}\">\n\t\t\t\t\t<div class=\"e-con-inner\">\n\t\t\t\t\t<\/div>\n\t\t\t\t<\/div>\n\t\t<div class=\"elementor-element elementor-element-01c7f37 e-flex e-con-boxed e-con e-parent\" data-id=\"01c7f37\" data-element_type=\"container\" data-e-type=\"container\" data-settings=\"{&quot;background_background&quot;:&quot;classic&quot;}\">\n\t\t\t\t\t<div class=\"e-con-inner\">\n\t\t<div class=\"elementor-element elementor-element-31a9046 e-flex e-con-boxed e-con e-child\" data-id=\"31a9046\" data-element_type=\"container\" data-e-type=\"container\" data-settings=\"{&quot;background_background&quot;:&quot;classic&quot;}\">\n\t\t\t\t\t<div class=\"e-con-inner\">\n\t\t\t\t<div class=\"elementor-element elementor-element-1e8e9e5 elementor-widget elementor-widget-heading\" data-id=\"1e8e9e5\" data-element_type=\"widget\" data-e-type=\"widget\" data-widget_type=\"heading.default\">\n\t\t\t\t<div class=\"elementor-widget-container\">\n\t\t\t\t\t<h1 class=\"elementor-heading-title elementor-size-default\">Proveedor de piezas de AlN personalizadas<\/h1>\t\t\t\t<\/div>\n\t\t\t\t<\/div>\n\t\t\t\t<div class=\"elementor-element elementor-element-a9e1c90 elementor-widget-divider--view-line elementor-widget elementor-widget-divider\" data-id=\"a9e1c90\" data-element_type=\"widget\" data-e-type=\"widget\" data-widget_type=\"divider.default\">\n\t\t\t\t<div class=\"elementor-widget-container\">\n\t\t\t\t\t\t\t<div class=\"elementor-divider\">\n\t\t\t<span class=\"elementor-divider-separator\">\n\t\t\t\t\t\t<\/span>\n\t\t<\/div>\n\t\t\t\t\t\t<\/div>\n\t\t\t\t<\/div>\n\t\t\t\t<div class=\"elementor-element elementor-element-1f46735 elementor-widget elementor-widget-heading\" data-id=\"1f46735\" data-element_type=\"widget\" data-e-type=\"widget\" data-widget_type=\"heading.default\">\n\t\t\t\t<div class=\"elementor-widget-container\">\n\t\t\t\t\t<p class=\"elementor-heading-title elementor-size-default\">Piezas de nitruro de aluminio (AlN) personalizadas de alta calidad procedentes de China<\/p>\t\t\t\t<\/div>\n\t\t\t\t<\/div>\n\t\t<div class=\"elementor-element elementor-element-a7f9162 e-con-full e-flex e-con e-child\" data-id=\"a7f9162\" data-element_type=\"container\" data-e-type=\"container\">\n\t\t<div class=\"elementor-element elementor-element-9239d25 e-con-full e-flex e-con e-child\" data-id=\"9239d25\" data-element_type=\"container\" data-e-type=\"container\">\n\t\t\t\t<div class=\"elementor-element elementor-element-1e7b545 elementor-widget elementor-widget-text-editor\" data-id=\"1e7b545\" data-element_type=\"widget\" data-e-type=\"widget\" data-widget_type=\"text-editor.default\">\n\t\t\t\t<div class=\"elementor-widget-container\">\n\t\t\t\t\t\t\t\t\t<p><strong>Somos un fabricante con sede en China especializado en la precisi\u00f3n <a href=\"https:\/\/jundro.io\/es\/materiales\/nitruro-de-aluminio\/\">nitruro de aluminio (AlN)<\/a> suministrando a clientes de todo el mundo, incluidos los EE.UU. Con a\u00f1os de experiencia en el mecanizado de AlN a medida, la creaci\u00f3n de prototipos y la producci\u00f3n a gran escala, proporcionamos componentes cer\u00e1micos de alto rendimiento para las industrias electr\u00f3nica, de dispositivos m\u00e9dicos, aeroespacial y de semiconductores.<\/strong><\/p>\t\t\t\t\t\t\t\t<\/div>\n\t\t\t\t<\/div>\n\t\t<div class=\"elementor-element elementor-element-9124023 e-con-full e-flex e-con e-child\" data-id=\"9124023\" data-element_type=\"container\" data-e-type=\"container\">\n\t\t\t\t<div class=\"elementor-element elementor-element-ed95e0c elementor-widget elementor-widget-text-editor\" data-id=\"ed95e0c\" data-element_type=\"widget\" data-e-type=\"widget\" data-widget_type=\"text-editor.default\">\n\t\t\t\t<div class=\"elementor-widget-container\">\n\t\t\t\t\t\t\t\t\t<p><a href=\"https:\/\/jundro.io\/es\/contacto\/\">Obtener ayuda<\/a><\/p>\t\t\t\t\t\t\t\t<\/div>\n\t\t\t\t<\/div>\n\t\t\t\t<\/div>\n\t\t\t\t<\/div>\n\t\t<div class=\"elementor-element elementor-element-3a38b48 e-con-full e-flex e-con e-child\" data-id=\"3a38b48\" data-element_type=\"container\" data-e-type=\"container\">\n\t\t\t\t<div class=\"elementor-element elementor-element-dcfa141 elementor-widget elementor-widget-image\" data-id=\"dcfa141\" data-element_type=\"widget\" data-e-type=\"widget\" data-widget_type=\"image.default\">\n\t\t\t\t<div class=\"elementor-widget-container\">\n\t\t\t\t\t\t\t\t\t\t\t\t\t\t\t<img fetchpriority=\"high\" decoding=\"async\" width=\"888\" height=\"592\" src=\"https:\/\/jundro.io\/wp-content\/uploads\/2025\/05\/Aluminum-Nitride-Wafer-Carrier.jpg\" class=\"attachment-full size-full wp-image-4419\" alt=\"Soporte de obleas de nitruro de aluminio\" srcset=\"https:\/\/jundro.io\/wp-content\/uploads\/2025\/05\/Aluminum-Nitride-Wafer-Carrier.jpg 888w, https:\/\/jundro.io\/wp-content\/uploads\/2025\/05\/Aluminum-Nitride-Wafer-Carrier-300x200.jpg 300w, https:\/\/jundro.io\/wp-content\/uploads\/2025\/05\/Aluminum-Nitride-Wafer-Carrier-768x512.jpg 768w, https:\/\/jundro.io\/wp-content\/uploads\/2025\/05\/Aluminum-Nitride-Wafer-Carrier-18x12.jpg 18w\" sizes=\"(max-width: 888px) 100vw, 888px\" \/>\t\t\t\t\t\t\t\t\t\t\t\t\t\t\t<\/div>\n\t\t\t\t<\/div>\n\t\t\t\t<\/div>\n\t\t\t\t<\/div>\n\t\t\t\t<div class=\"elementor-element elementor-element-37dde1a elementor-widget elementor-widget-spacer\" data-id=\"37dde1a\" data-element_type=\"widget\" data-e-type=\"widget\" data-widget_type=\"spacer.default\">\n\t\t\t\t<div class=\"elementor-widget-container\">\n\t\t\t\t\t\t\t<div class=\"elementor-spacer\">\n\t\t\t<div class=\"elementor-spacer-inner\"><\/div>\n\t\t<\/div>\n\t\t\t\t\t\t<\/div>\n\t\t\t\t<\/div>\n\t\t<div class=\"elementor-element elementor-element-444aaf5 e-con-full e-flex e-con e-child\" data-id=\"444aaf5\" data-element_type=\"container\" data-e-type=\"container\" data-settings=\"{&quot;background_background&quot;:&quot;classic&quot;}\">\n\t\t\t\t<div class=\"elementor-element elementor-element-5128764 elementor-widget elementor-widget-heading\" data-id=\"5128764\" data-element_type=\"widget\" data-e-type=\"widget\" data-widget_type=\"heading.default\">\n\t\t\t\t<div class=\"elementor-widget-container\">\n\t\t\t\t\t<h2 class=\"elementor-heading-title elementor-size-default\">Por qu\u00e9 elegirnos para piezas AlN<\/h2>\t\t\t\t<\/div>\n\t\t\t\t<\/div>\n\t\t\t\t<\/div>\n\t\t\t\t<div class=\"elementor-element elementor-element-75221cc elementor-widget elementor-widget-text-editor\" data-id=\"75221cc\" data-element_type=\"widget\" data-e-type=\"widget\" data-widget_type=\"text-editor.default\">\n\t\t\t\t<div class=\"elementor-widget-container\">\n\t\t\t\t\t\t\t\t\t<p data-start=\"702\" data-end=\"737\"><strong data-start=\"702\" data-end=\"735\">1. Experiencia en el mecanizado de AlN<\/strong><\/p><ul data-start=\"738\" data-end=\"1009\"><li data-start=\"738\" data-end=\"806\"><p data-start=\"740\" data-end=\"806\">Mecanizado CNC multieje para formas complejas y tolerancias estrechas<\/p><\/li><li data-start=\"807\" data-end=\"921\"><p data-start=\"809\" data-end=\"921\">Capacidades <strong data-start=\"830\" data-end=\"857\">agujeros de hasta 0,1 mm<\/strong>, planitud de 0,001 mm y rugosidad superficial de hasta Ra0,002 \u00b5m<\/p><\/li><li data-start=\"922\" data-end=\"1009\"><p data-start=\"924\" data-end=\"1009\">Adecuado para <strong data-start=\"937\" data-end=\"1007\">sustratos electr\u00f3nicos, componentes de alta temperatura y dise\u00f1os personalizados<\/strong><\/p><\/li><\/ul><p data-start=\"1011\" data-end=\"1045\"><strong data-start=\"1011\" data-end=\"1043\">2. Calidad superior de los materiales<\/strong><\/p><ul data-start=\"1046\" data-end=\"1223\"><li data-start=\"1046\" data-end=\"1106\"><p data-start=\"1048\" data-end=\"1106\">Cer\u00e1mica AlN de alta conductividad t\u00e9rmica (hasta 170 W\/m-K)<\/p><\/li><li data-start=\"1107\" data-end=\"1168\"><p data-start=\"1109\" data-end=\"1168\">Excelente <strong data-start=\"1119\" data-end=\"1166\">aislamiento el\u00e9ctrico y estabilidad t\u00e9rmica<\/strong><\/p><\/li><li data-start=\"1169\" data-end=\"1223\"><p data-start=\"1171\" data-end=\"1223\">Certificados de materiales e informes de pruebas disponibles<\/p><\/li><\/ul><p data-start=\"1225\" data-end=\"1261\"><strong data-start=\"1225\" data-end=\"1259\">3. Personalizaci\u00f3n y flexibilidad<\/strong><\/p><ul data-start=\"1262\" data-end=\"1457\"><li data-start=\"1262\" data-end=\"1316\"><p data-start=\"1264\" data-end=\"1316\">Creaci\u00f3n de prototipos en lotes peque\u00f1os y producci\u00f3n a gran escala<\/p><\/li><li data-start=\"1317\" data-end=\"1403\"><p data-start=\"1319\" data-end=\"1403\">Tama\u00f1os, formas y dise\u00f1os personalizados seg\u00fan sus <strong data-start=\"1371\" data-end=\"1401\">planos o especificaciones<\/strong><\/p><\/li><li data-start=\"1404\" data-end=\"1457\"><p data-start=\"1406\" data-end=\"1457\">Entrega r\u00e1pida para cumplir los plazos de sus proyectos<\/p><\/li><\/ul><p data-start=\"1459\" data-end=\"1496\"><strong data-start=\"1459\" data-end=\"1494\">4. Env\u00edo y asistencia en todo el mundo<\/strong><\/p><ul><li style=\"list-style-type: none;\"><ul data-start=\"1497\" data-end=\"1667\"><li data-start=\"1497\" data-end=\"1559\"><p data-start=\"1499\" data-end=\"1559\">Opciones de env\u00edo para <strong data-start=\"1520\" data-end=\"1557\">EE.UU., Europa y clientes de todo el mundo<\/strong><\/p><\/li><li data-start=\"1560\" data-end=\"1614\"><p data-start=\"1562\" data-end=\"1614\">Documentaci\u00f3n aduanera clara para una importaci\u00f3n sin complicaciones<\/p><\/li><li data-start=\"1615\" data-end=\"1667\"><p data-start=\"1617\" data-end=\"1667\">Respuesta <strong data-start=\"1628\" data-end=\"1665\">asistencia preventa y posventa<\/strong><\/p><\/li><\/ul><\/li><\/ul>\t\t\t\t\t\t\t\t<\/div>\n\t\t\t\t<\/div>\n\t\t<div class=\"elementor-element elementor-element-1937d27 e-con-full e-flex e-con e-child\" data-id=\"1937d27\" data-element_type=\"container\" data-e-type=\"container\" data-settings=\"{&quot;background_background&quot;:&quot;classic&quot;}\">\n\t\t\t\t<div class=\"elementor-element elementor-element-15004af elementor-widget elementor-widget-heading\" data-id=\"15004af\" data-element_type=\"widget\" data-e-type=\"widget\" data-widget_type=\"heading.default\">\n\t\t\t\t<div class=\"elementor-widget-container\">\n\t\t\t\t\t<h2 class=\"elementor-heading-title elementor-size-default\">Aplicaciones de las piezas de AlN a medida<\/h2>\t\t\t\t<\/div>\n\t\t\t\t<\/div>\n\t\t\t\t<\/div>\n\t\t\t\t<div class=\"elementor-element elementor-element-625faad elementor-widget elementor-widget-text-editor\" data-id=\"625faad\" data-element_type=\"widget\" data-e-type=\"widget\" data-widget_type=\"text-editor.default\">\n\t\t\t\t<div class=\"elementor-widget-container\">\n\t\t\t\t\t\t\t\t\t<ul><li data-start=\"1722\" data-end=\"1818\"><p data-start=\"1724\" data-end=\"1818\"><strong data-start=\"1724\" data-end=\"1757\">Electr\u00f3nica y semiconductores:<\/strong> Sustratos de alto rendimiento, m\u00f3dulos de potencia, componentes LED<\/p><\/li><li data-start=\"1819\" data-end=\"1889\"><p data-start=\"1821\" data-end=\"1889\"><strong data-start=\"1821\" data-end=\"1841\">Productos sanitarios:<\/strong> Aisladores cer\u00e1micos, componentes biocompatibles<\/p><\/li><li data-start=\"1890\" data-end=\"1960\"><p data-start=\"1892\" data-end=\"1960\"><strong data-start=\"1892\" data-end=\"1916\">Aeroespacial y defensa:<\/strong> Piezas de alta temperatura y alta precisi\u00f3n<\/p><\/li><li data-start=\"1961\" data-end=\"2037\"><p data-start=\"1963\" data-end=\"2037\"><strong data-start=\"1963\" data-end=\"1991\">Industria y automatizaci\u00f3n:<\/strong> Componentes aislantes y estructurales a medida<\/p><\/li><\/ul>\t\t\t\t\t\t\t\t<\/div>\n\t\t\t\t<\/div>\n\t\t<div class=\"elementor-element elementor-element-ee7b4d6 e-con-full e-flex e-con e-child\" data-id=\"ee7b4d6\" data-element_type=\"container\" data-e-type=\"container\" data-settings=\"{&quot;background_background&quot;:&quot;classic&quot;}\">\n\t\t\t\t<div class=\"elementor-element elementor-element-7ab050d elementor-widget elementor-widget-heading\" data-id=\"7ab050d\" data-element_type=\"widget\" data-e-type=\"widget\" data-widget_type=\"heading.default\">\n\t\t\t\t<div class=\"elementor-widget-container\">\n\t\t\t\t\t<h2 class=\"elementor-heading-title elementor-size-default\">C\u00f3mo hacer un pedido<\/h2>\t\t\t\t<\/div>\n\t\t\t\t<\/div>\n\t\t\t\t<\/div>\n\t\t\t\t<div class=\"elementor-element elementor-element-12a3350 elementor-widget elementor-widget-text-editor\" data-id=\"12a3350\" data-element_type=\"widget\" data-e-type=\"widget\" data-widget_type=\"text-editor.default\">\n\t\t\t\t<div class=\"elementor-widget-container\">\n\t\t\t\t\t\t\t\t\t<ul><li data-start=\"2724\" data-end=\"2796\"><p data-start=\"2727\" data-end=\"2796\"><strong data-start=\"2727\" data-end=\"2768\">Env\u00ede su dibujo o especificaciones<\/strong> por correo electr\u00f3nico o formulario de consulta<\/p><\/li><li data-start=\"2797\" data-end=\"2840\"><p data-start=\"2800\" data-end=\"2840\"><strong data-start=\"2800\" data-end=\"2819\">Recibir un presupuesto<\/strong> en 24-48 horas<\/p><\/li><li data-start=\"2841\" data-end=\"2882\"><p data-start=\"2844\" data-end=\"2882\"><strong data-start=\"2844\" data-end=\"2866\">Confirmar la producci\u00f3n<\/strong> y plazo de entrega<\/p><\/li><li data-start=\"2883\" data-end=\"2943\"><p data-start=\"2886\" data-end=\"2943\"><strong data-start=\"2886\" data-end=\"2914\">Env\u00edo r\u00e1pido a EE.UU.<\/strong> o su ubicaci\u00f3n en todo el mundo<\/p><\/li><\/ul>\t\t\t\t\t\t\t\t<\/div>\n\t\t\t\t<\/div>\n\t\t\t\t<div class=\"elementor-element elementor-element-7b61f62 elementor-widget elementor-widget-heading\" data-id=\"7b61f62\" data-element_type=\"widget\" data-e-type=\"widget\" data-widget_type=\"heading.default\">\n\t\t\t\t<div class=\"elementor-widget-container\">\n\t\t\t\t\t<h2 class=\"elementor-heading-title elementor-size-default\">Solicite hoy mismo un presupuesto de piezas de AlN personalizadas<\/h2>\t\t\t\t<\/div>\n\t\t\t\t<\/div>\n\t\t\t\t<div class=\"elementor-element elementor-element-cfb0394 elementor-widget elementor-widget-text-editor\" data-id=\"cfb0394\" data-element_type=\"widget\" data-e-type=\"widget\" data-widget_type=\"text-editor.default\">\n\t\t\t\t<div class=\"elementor-widget-container\">\n\t\t\t\t\t\t\t\t\t<p>P\u00f3ngase en contacto con nosotros <strong data-start=\"3056\" data-end=\"3096\">requisitos personalizados de nitruro de aluminio<\/strong>, Solicite muestras o haga un pedido. Nuestro equipo est\u00e1 a su disposici\u00f3n para <strong data-start=\"3163\" data-end=\"3212\">soluciones de alta calidad adaptadas a sus necesidades<\/strong>.<\/p>\t\t\t\t\t\t\t\t<\/div>\n\t\t\t\t<\/div>\n\t\t\t\t<div class=\"elementor-element elementor-element-2d07773 elementor-button-align-stretch elementor-widget elementor-widget-form\" data-id=\"2d07773\" data-element_type=\"widget\" data-e-type=\"widget\" data-settings=\"{&quot;step_next_label&quot;:&quot;Next&quot;,&quot;step_previous_label&quot;:&quot;Previous&quot;,&quot;button_width&quot;:&quot;100&quot;,&quot;step_type&quot;:&quot;number_text&quot;,&quot;step_icon_shape&quot;:&quot;circle&quot;}\" data-widget_type=\"form.default\">\n\t\t\t\t<div class=\"elementor-widget-container\">\n\t\t\t\t\t\t\t<form class=\"elementor-form\" method=\"post\" name=\"Material Page Form\" aria-label=\"Formulario de p\u00e1gina de material\" action=\"\">\n\t\t\t<input type=\"hidden\" name=\"post_id\" value=\"5525\"\/>\n\t\t\t<input type=\"hidden\" name=\"form_id\" value=\"2d07773\"\/>\n\t\t\t<input type=\"hidden\" name=\"referer_title\" value=\"\" \/>\n\n\t\t\t\n\t\t\t<div class=\"elementor-form-fields-wrapper elementor-labels-\">\n\t\t\t\t\t\t\t\t<div class=\"elementor-field-type-text elementor-field-group elementor-column elementor-field-group-name elementor-col-50 elementor-field-required\">\n\t\t\t\t\t\t\t\t\t\t\t\t<label for=\"form-field-name\" class=\"elementor-field-label elementor-screen-only\">\n\t\t\t\t\t\t\t\tNombre\t\t\t\t\t\t\t<\/label>\n\t\t\t\t\t\t\t\t\t\t\t\t\t\t<input size=\"1\" type=\"text\" name=\"form_fields[name]\" id=\"form-field-name\" class=\"elementor-field elementor-size-md  elementor-field-textual\" placeholder=\"Nombre\" required=\"required\">\n\t\t\t\t\t\t\t\t\t\t\t<\/div>\n\t\t\t\t\t\t\t\t<div class=\"elementor-field-type-email elementor-field-group elementor-column elementor-field-group-email elementor-col-50 elementor-field-required\">\n\t\t\t\t\t\t\t\t\t\t\t\t<label for=\"form-field-email\" class=\"elementor-field-label elementor-screen-only\">\n\t\t\t\t\t\t\t\tCorreo electr\u00f3nico\t\t\t\t\t\t\t<\/label>\n\t\t\t\t\t\t\t\t\t\t\t\t\t\t<input size=\"1\" type=\"email\" name=\"form_fields[email]\" id=\"form-field-email\" class=\"elementor-field elementor-size-md  elementor-field-textual\" placeholder=\"Correo electr\u00f3nico\" required=\"required\">\n\t\t\t\t\t\t\t\t\t\t\t<\/div>\n\t\t\t\t\t\t\t\t<div class=\"elementor-field-type-tel elementor-field-group elementor-column elementor-field-group-field_d348200 elementor-col-50\">\n\t\t\t\t\t\t\t\t\t\t\t\t<label for=\"form-field-field_d348200\" class=\"elementor-field-label elementor-screen-only\">\n\t\t\t\t\t\t\t\ttel\u00e9fono\t\t\t\t\t\t\t<\/label>\n\t\t\t\t\t\t\t\t<input size=\"1\" type=\"tel\" name=\"form_fields[field_d348200]\" id=\"form-field-field_d348200\" class=\"elementor-field elementor-size-md  elementor-field-textual\" placeholder=\"tel\u00e9fono\" pattern=\"[0-9()#&amp;+*-=.]+\" title=\"Solo se aceptan n\u00fameros y caracteres de tel\u00e9fono (#,-,*,etc).\">\n\n\t\t\t\t\t\t<\/div>\n\t\t\t\t\t\t\t\t<div class=\"elementor-field-type-text elementor-field-group elementor-column elementor-field-group-Company elementor-col-50\">\n\t\t\t\t\t\t\t\t\t\t\t\t<label for=\"form-field-Company\" class=\"elementor-field-label elementor-screen-only\">\n\t\t\t\t\t\t\t\tEmpresa\t\t\t\t\t\t\t<\/label>\n\t\t\t\t\t\t\t\t\t\t\t\t\t\t<input size=\"1\" type=\"text\" name=\"form_fields[Company]\" id=\"form-field-Company\" class=\"elementor-field elementor-size-md  elementor-field-textual\" placeholder=\"Empresa\">\n\t\t\t\t\t\t\t\t\t\t\t<\/div>\n\t\t\t\t\t\t\t\t<div class=\"elementor-field-type-textarea elementor-field-group elementor-column elementor-field-group-message elementor-col-100\">\n\t\t\t\t\t\t\t\t\t\t\t\t<label for=\"form-field-message\" class=\"elementor-field-label elementor-screen-only\">\n\t\t\t\t\t\t\t\tMensaje\t\t\t\t\t\t\t<\/label>\n\t\t\t\t\t\t<textarea class=\"elementor-field-textual elementor-field  elementor-size-md\" name=\"form_fields[message]\" id=\"form-field-message\" rows=\"4\" placeholder=\"Mensaje\"><\/textarea>\t\t\t\t<\/div>\n\t\t\t\t\t\t\t\t<div class=\"elementor-field-type-upload elementor-field-group elementor-column elementor-field-group-field_e561de7 elementor-col-100\">\n\t\t\t\t\t\t\t\t\t\t\t\t<label for=\"form-field-field_e561de7\" class=\"elementor-field-label elementor-screen-only\">\n\t\t\t\t\t\t\t\tCargar archivos adjuntos\t\t\t\t\t\t\t<\/label>\n\t\t\t\t\t\t\t\t<input type=\"file\" name=\"form_fields[field_e561de7][]\" id=\"form-field-field_e561de7\" class=\"elementor-field elementor-size-md  elementor-upload-field\" multiple=\"multiple\">\n\n\t\t\t\t\t\t<\/div>\n\t\t\t\t\t\t\t\t<div class=\"elementor-field-group elementor-column elementor-field-type-submit elementor-col-100 e-form__buttons\">\n\t\t\t\t\t<button class=\"elementor-button elementor-size-sm\" type=\"submit\">\n\t\t\t\t\t\t<span class=\"elementor-button-content-wrapper\">\n\t\t\t\t\t\t\t\t\t\t\t\t\t\t\t\t\t\t\t\t\t\t<span class=\"elementor-button-text\">Enviar<\/span>\n\t\t\t\t\t\t\t\t\t\t\t\t\t<\/span>\n\t\t\t\t\t<\/button>\n\t\t\t\t<\/div>\n\t\t\t<\/div>\n\t\t<input type=\"hidden\" name=\"trp-form-language\" value=\"es\"\/><\/form>\n\t\t\t\t\t\t<\/div>\n\t\t\t\t<\/div>\n\t\t\t\t\t<\/div>\n\t\t\t\t<\/div>\n\t\t\t\t\t<\/div>\n\t\t\t\t<\/div>\n\t\t\t\t<\/div>","protected":false},"excerpt":{"rendered":"<p>Custom AlN Parts Supplier High-Quality Custom Aluminum Nitride (AlN) Parts from China We are a China-based manufacturer specializing in precision aluminum nitride (AlN) parts, supplying customers worldwide, including the USA. With years of experience in custom AlN machining, prototyping, and bulk production, we provide high-performance ceramic components for electronics, medical devices, aerospace, and semiconductor industries. [&hellip;]<\/p>","protected":false},"author":1,"featured_media":0,"parent":0,"menu_order":0,"comment_status":"closed","ping_status":"closed","template":"elementor_header_footer","meta":{"site-sidebar-layout":"no-sidebar","site-content-layout":"page-builder","ast-site-content-layout":"full-width-container","site-content-style":"default","site-sidebar-style":"default","ast-global-header-display":"","ast-banner-title-visibility":"","ast-main-header-display":"","ast-hfb-above-header-display":"","ast-hfb-below-header-display":"","ast-hfb-mobile-header-display":"","site-post-title":"","ast-breadcrumbs-content":"","ast-featured-img":"disabled","footer-sml-layout":"","ast-disable-related-posts":"","theme-transparent-header-meta":"","adv-header-id-meta":"","stick-header-meta":"","header-above-stick-meta":"","header-main-stick-meta":"","header-below-stick-meta":"","astra-migrate-meta-layouts":"set","ast-page-background-enabled":"default","ast-page-background-meta":{"desktop":{"background-color":"","background-image":"","background-repeat":"repeat","background-position":"center center","background-size":"auto","background-attachment":"scroll","background-type":"","background-media":"","overlay-type":"","overlay-color":"","overlay-opacity":"","overlay-gradient":""},"tablet":{"background-color":"","background-image":"","background-repeat":"repeat","background-position":"center center","background-size":"auto","background-attachment":"scroll","background-type":"","background-media":"","overlay-type":"","overlay-color":"","overlay-opacity":"","overlay-gradient":""},"mobile":{"background-color":"","background-image":"","background-repeat":"repeat","background-position":"center center","background-size":"auto","background-attachment":"scroll","background-type":"","background-media":"","overlay-type":"","overlay-color":"","overlay-opacity":"","overlay-gradient":""}},"ast-content-background-meta":{"desktop":{"background-color":"var(--ast-global-color-5)","background-image":"","background-repeat":"repeat","background-position":"center center","background-size":"auto","background-attachment":"scroll","background-type":"","background-media":"","overlay-type":"","overlay-color":"","overlay-opacity":"","overlay-gradient":""},"tablet":{"background-color":"var(--ast-global-color-5)","background-image":"","background-repeat":"repeat","background-position":"center center","background-size":"auto","background-attachment":"scroll","background-type":"","background-media":"","overlay-type":"","overlay-color":"","overlay-opacity":"","overlay-gradient":""},"mobile":{"background-color":"var(--ast-global-color-5)","background-image":"","background-repeat":"repeat","background-position":"center center","background-size":"auto","background-attachment":"scroll","background-type":"","background-media":"","overlay-type":"","overlay-color":"","overlay-opacity":"","overlay-gradient":""}},"footnotes":""},"class_list":["post-5525","page","type-page","status-publish","hentry"],"_links":{"self":[{"href":"https:\/\/jundro.io\/es\/wp-json\/wp\/v2\/pages\/5525","targetHints":{"allow":["GET"]}}],"collection":[{"href":"https:\/\/jundro.io\/es\/wp-json\/wp\/v2\/pages"}],"about":[{"href":"https:\/\/jundro.io\/es\/wp-json\/wp\/v2\/types\/page"}],"author":[{"embeddable":true,"href":"https:\/\/jundro.io\/es\/wp-json\/wp\/v2\/users\/1"}],"replies":[{"embeddable":true,"href":"https:\/\/jundro.io\/es\/wp-json\/wp\/v2\/comments?post=5525"}],"version-history":[{"count":0,"href":"https:\/\/jundro.io\/es\/wp-json\/wp\/v2\/pages\/5525\/revisions"}],"wp:attachment":[{"href":"https:\/\/jundro.io\/es\/wp-json\/wp\/v2\/media?parent=5525"}],"curies":[{"name":"wp","href":"https:\/\/api.w.org\/{rel}","templated":true}]}}